{"id":5117,"date":"2025-02-21T09:14:56","date_gmt":"2025-02-21T08:14:56","guid":{"rendered":"https:\/\/camping-dela-foret.com\/werden-sie-eigentuemer\/"},"modified":"2025-04-01T14:29:41","modified_gmt":"2025-04-01T12:29:41","slug":"werden-sie-eigentuemer","status":"publish","type":"page","link":"https:\/\/camping-dela-foret.com\/de\/werden-sie-eigentuemer\/","title":{"rendered":"Werden Sie Eigent\u00fcmer"},"content":{"rendered":"\t\t<div data-elementor-type=\"wp-page\" data-elementor-id=\"5117\" class=\"elementor elementor-5117\" data-elementor-post-type=\"page\">\n\t\t\t\t\t\t<section class=\"elementor-section elementor-top-section elementor-element elementor-element-787782f elementor-section-boxed elementor-section-height-default elementor-section-height-default\" data-id=\"787782f\" data-element_type=\"section\" data-e-type=\"section\" data-settings=\"{&quot;background_background&quot;:&quot;classic&quot;,&quot;shape_divider_bottom&quot;:&quot;mountains&quot;}\">\n\t\t\t\t\t\t\t<div class=\"elementor-background-overlay\"><\/div>\n\t\t\t\t\t\t<div class=\"elementor-shape elementor-shape-bottom\" aria-hidden=\"true\" data-negative=\"false\">\n\t\t\t<svg xmlns=\"http:\/\/www.w3.org\/2000\/svg\" viewBox=\"0 0 1000 100\" preserveAspectRatio=\"none\">\n\t<path class=\"elementor-shape-fill\" opacity=\"0.33\" d=\"M473,67.3c-203.9,88.3-263.1-34-320.3,0C66,119.1,0,59.7,0,59.7V0h1000v59.7 c0,0-62.1,26.1-94.9,29.3c-32.8,3.3-62.8-12.3-75.8-22.1C806,49.6,745.3,8.7,694.9,4.7S492.4,59,473,67.3z\"\/>\n\t<path class=\"elementor-shape-fill\" opacity=\"0.66\" d=\"M734,67.3c-45.5,0-77.2-23.2-129.1-39.1c-28.6-8.7-150.3-10.1-254,39.1 s-91.7-34.4-149.2,0C115.7,118.3,0,39.8,0,39.8V0h1000v36.5c0,0-28.2-18.5-92.1-18.5C810.2,18.1,775.7,67.3,734,67.3z\"\/>\n\t<path class=\"elementor-shape-fill\" d=\"M766.1,28.9c-200-57.5-266,65.5-395.1,19.5C242,1.8,242,5.4,184.8,20.6C128,35.8,132.3,44.9,89.9,52.5C28.6,63.7,0,0,0,0 h1000c0,0-9.9,40.9-83.6,48.1S829.6,47,766.1,28.9z\"\/>\n<\/svg>\t\t<\/div>\n\t\t\t\t\t<div class=\"elementor-container elementor-column-gap-default\">\n\t\t\t\t\t<div class=\"elementor-column elementor-col-100 elementor-top-column elementor-element elementor-element-17548bd\" data-id=\"17548bd\" data-element_type=\"column\" data-e-type=\"column\">\n\t\t\t<div class=\"elementor-widget-wrap elementor-element-populated\">\n\t\t\t\t\t\t<div class=\"elementor-element elementor-element-0b665ec elementor-invisible elementor-widget elementor-widget-heading\" data-id=\"0b665ec\" data-element_type=\"widget\" data-e-type=\"widget\" data-settings=\"{&quot;_animation&quot;:&quot;fadeInUp&quot;}\" data-widget_type=\"heading.default\">\n\t\t\t\t<div class=\"elementor-widget-container\">\n\t\t\t\t\t<h1 class=\"elementor-heading-title elementor-size-default\">Werden Sie Eigent\u00fcmer<\/h1>\t\t\t\t<\/div>\n\t\t\t\t<\/div>\n\t\t\t\t<div class=\"elementor-element elementor-element-3ee8b7c elementor-icon-list--layout-inline elementor-align-center elementor-list-item-link-full_width elementor-widget elementor-widget-icon-list\" data-id=\"3ee8b7c\" data-element_type=\"widget\" data-e-type=\"widget\" data-widget_type=\"icon-list.default\">\n\t\t\t\t<div class=\"elementor-widget-container\">\n\t\t\t\t\t\t\t<ul class=\"elementor-icon-list-items elementor-inline-items\">\n\t\t\t\t\t\t\t<li class=\"elementor-icon-list-item elementor-inline-item\">\n\t\t\t\t\t\t\t\t\t\t\t<a href=\"https:\/\/camping-dela-foret.com\/de\/\">\n\n\t\t\t\t\t\t\t\t\t\t\t<span class=\"elementor-icon-list-text\">Startseite<\/span>\n\t\t\t\t\t\t\t\t\t\t\t<\/a>\n\t\t\t\t\t\t\t\t\t<\/li>\n\t\t\t\t\t\t\t\t<li class=\"elementor-icon-list-item elementor-inline-item\">\n\t\t\t\t\t\t\t\t\t\t\t<a href=\"https:\/\/camping-dela-foret.com\/de\/werden-sie-eigentuemer\/\">\n\n\t\t\t\t\t\t\t\t\t\t\t\t<span class=\"elementor-icon-list-icon\">\n\t\t\t\t\t\t\t<i aria-hidden=\"true\" class=\"jki jki-chevron-right-light\"><\/i>\t\t\t\t\t\t<\/span>\n\t\t\t\t\t\t\t\t\t\t<span class=\"elementor-icon-list-text\">Werden Sie Eigent\u00fcmer<\/span>\n\t\t\t\t\t\t\t\t\t\t\t<\/a>\n\t\t\t\t\t\t\t\t\t<\/li>\n\t\t\t\t\t\t<\/ul>\n\t\t\t\t\t\t<\/div>\n\t\t\t\t<\/div>\n\t\t\t\t\t<\/div>\n\t\t<\/div>\n\t\t\t\t\t<\/div>\n\t\t<\/section>\n\t\t\t\t<section class=\"elementor-section elementor-top-section elementor-element elementor-element-2112fa0 elementor-section-boxed elementor-section-height-default elementor-section-height-default\" data-id=\"2112fa0\" data-element_type=\"section\" data-e-type=\"section\">\n\t\t\t\t\t\t<div class=\"elementor-container elementor-column-gap-default\">\n\t\t\t\t\t<div class=\"elementor-column elementor-col-50 elementor-top-column elementor-element elementor-element-46f9d32\" data-id=\"46f9d32\" data-element_type=\"column\" data-e-type=\"column\">\n\t\t\t<div class=\"elementor-widget-wrap elementor-element-populated\">\n\t\t\t\t\t\t<div class=\"elementor-element elementor-element-7f02c43 elementor-invisible elementor-widget elementor-widget-jkit_heading\" data-id=\"7f02c43\" data-element_type=\"widget\" data-e-type=\"widget\" data-settings=\"{&quot;_animation&quot;:&quot;fadeInUp&quot;}\" data-widget_type=\"jkit_heading.default\">\n\t\t\t\t<div class=\"elementor-widget-container\">\n\t\t\t\t\t<div  class=\"jeg-elementor-kit jkit-heading  align-left align-tablet- align-mobile- jeg_module___69f64e6db85fd\" ><div class=\"heading-section-title  display-inline-block\"><h2 class=\"heading-title\">Devenez propri\u00e9taire de <span class=\"style-color\"><span>votre r\u00e9sidence secondaire en Franche-Comt\u00e9<\/span><\/span><\/h2><\/div><\/div>\t\t\t\t<\/div>\n\t\t\t\t<\/div>\n\t\t\t\t<div class=\"elementor-element elementor-element-0e86fe6 elementor-widget elementor-widget-text-editor\" data-id=\"0e86fe6\" data-element_type=\"widget\" data-e-type=\"widget\" data-widget_type=\"text-editor.default\">\n\t\t\t\t<div class=\"elementor-widget-container\">\n\t\t\t\t\t\t\t\t\t<p><strong>Eine flexible Investition f\u00fcr einen unbegrenzten Urlaub.<\/strong><\/p><p>Wir haben Pl\u00e4ne f\u00fcr die Zeit ab 2025.  <\/p><p>Haben Sie ein Kaufprojekt?<\/p><p>Kontaktieren Sie uns unter 03 81 89 53 46 oder \u00fcber unser Kontaktformular.<\/p>\t\t\t\t\t\t\t\t<\/div>\n\t\t\t\t<\/div>\n\t\t\t\t<div class=\"elementor-element elementor-element-bac3d19 elementor-mobile-align-left elementor-invisible elementor-widget elementor-widget-button\" data-id=\"bac3d19\" data-element_type=\"widget\" data-e-type=\"widget\" data-settings=\"{&quot;_animation&quot;:&quot;fadeInUp&quot;}\" data-widget_type=\"button.default\">\n\t\t\t\t<div class=\"elementor-widget-container\">\n\t\t\t\t\t\t\t\t\t<div class=\"elementor-button-wrapper\">\n\t\t\t\t\t<a class=\"elementor-button elementor-button-link elementor-size-sm\" href=\"https:\/\/camping-dela-foret.com\/de\/kontakt\/\">\n\t\t\t\t\t\t<span class=\"elementor-button-content-wrapper\">\n\t\t\t\t\t\t\t\t\t<span class=\"elementor-button-text\">Kontaktieren Sie uns<\/span>\n\t\t\t\t\t<\/span>\n\t\t\t\t\t<\/a>\n\t\t\t\t<\/div>\n\t\t\t\t\t\t\t\t<\/div>\n\t\t\t\t<\/div>\n\t\t\t\t\t<\/div>\n\t\t<\/div>\n\t\t\t\t<div class=\"elementor-column elementor-col-50 elementor-top-column elementor-element elementor-element-0e6b24e\" data-id=\"0e6b24e\" data-element_type=\"column\" data-e-type=\"column\" data-settings=\"{&quot;motion_fx_motion_fx_scrolling&quot;:&quot;yes&quot;,&quot;motion_fx_translateY_effect&quot;:&quot;yes&quot;,&quot;motion_fx_translateY_speed&quot;:{&quot;unit&quot;:&quot;px&quot;,&quot;size&quot;:3,&quot;sizes&quot;:[]},&quot;motion_fx_translateY_affectedRange&quot;:{&quot;unit&quot;:&quot;%&quot;,&quot;size&quot;:&quot;&quot;,&quot;sizes&quot;:{&quot;start&quot;:0,&quot;end&quot;:100}},&quot;motion_fx_devices&quot;:[&quot;desktop&quot;,&quot;tablet&quot;,&quot;mobile&quot;]}\">\n\t\t\t<div class=\"elementor-widget-wrap elementor-element-populated\">\n\t\t\t\t\t\t<section class=\"elementor-section elementor-inner-section elementor-element elementor-element-59f1206 elementor-section-boxed elementor-section-height-default elementor-section-height-default\" data-id=\"59f1206\" data-element_type=\"section\" data-e-type=\"section\">\n\t\t\t\t\t\t<div class=\"elementor-container elementor-column-gap-default\">\n\t\t\t\t\t<div class=\"elementor-column elementor-col-100 elementor-inner-column elementor-element elementor-element-3b93539\" data-id=\"3b93539\" data-element_type=\"column\" data-e-type=\"column\">\n\t\t\t<div class=\"elementor-widget-wrap elementor-element-populated\">\n\t\t\t\t\t\t<div class=\"elementor-element elementor-element-105d46e elementor-widget elementor-widget-image\" data-id=\"105d46e\" data-element_type=\"widget\" data-e-type=\"widget\" data-widget_type=\"image.default\">\n\t\t\t\t<div class=\"elementor-widget-container\">\n\t\t\t\t\t\t\t\t\t\t\t\t\t\t\t<img fetchpriority=\"high\" decoding=\"async\" width=\"2560\" height=\"1707\" src=\"https:\/\/camping-dela-foret.com\/wp-content\/uploads\/2025\/02\/Camping-de-La-foret-Camping-Jura-Camping-Nature-Reservation-camping12-scaled.jpg\" class=\"attachment-full size-full wp-image-4665\" alt=\"Camping de La fore\u0302t, Camping Jura, Camping Nature, Re\u0301servation camping\" srcset=\"https:\/\/camping-dela-foret.com\/wp-content\/uploads\/2025\/02\/Camping-de-La-foret-Camping-Jura-Camping-Nature-Reservation-camping12-scaled.jpg 2560w, https:\/\/camping-dela-foret.com\/wp-content\/uploads\/2025\/02\/Camping-de-La-foret-Camping-Jura-Camping-Nature-Reservation-camping12-300x200.jpg 300w, https:\/\/camping-dela-foret.com\/wp-content\/uploads\/2025\/02\/Camping-de-La-foret-Camping-Jura-Camping-Nature-Reservation-camping12-1024x683.jpg 1024w, https:\/\/camping-dela-foret.com\/wp-content\/uploads\/2025\/02\/Camping-de-La-foret-Camping-Jura-Camping-Nature-Reservation-camping12-768x512.jpg 768w, https:\/\/camping-dela-foret.com\/wp-content\/uploads\/2025\/02\/Camping-de-La-foret-Camping-Jura-Camping-Nature-Reservation-camping12-1536x1024.jpg 1536w, https:\/\/camping-dela-foret.com\/wp-content\/uploads\/2025\/02\/Camping-de-La-foret-Camping-Jura-Camping-Nature-Reservation-camping12-2048x1365.jpg 2048w\" sizes=\"(max-width: 2560px) 100vw, 2560px\" \/>\t\t\t\t\t\t\t\t\t\t\t\t\t\t\t<\/div>\n\t\t\t\t<\/div>\n\t\t\t\t\t<\/div>\n\t\t<\/div>\n\t\t\t\t\t<\/div>\n\t\t<\/section>\n\t\t\t\t<section class=\"elementor-section elementor-inner-section elementor-element elementor-element-be9d892 elementor-section-boxed elementor-section-height-default elementor-section-height-default\" data-id=\"be9d892\" data-element_type=\"section\" data-e-type=\"section\">\n\t\t\t\t\t\t<div class=\"elementor-container elementor-column-gap-default\">\n\t\t\t\t\t<div class=\"elementor-column elementor-col-50 elementor-inner-column elementor-element elementor-element-9013c47\" data-id=\"9013c47\" data-element_type=\"column\" data-e-type=\"column\">\n\t\t\t<div class=\"elementor-widget-wrap elementor-element-populated\">\n\t\t\t\t\t\t<div class=\"elementor-element elementor-element-5216faf elementor-widget elementor-widget-image\" data-id=\"5216faf\" data-element_type=\"widget\" data-e-type=\"widget\" data-widget_type=\"image.default\">\n\t\t\t\t<div class=\"elementor-widget-container\">\n\t\t\t\t\t\t\t\t\t\t\t\t\t\t\t<img decoding=\"async\" width=\"2078\" height=\"1559\" src=\"https:\/\/camping-dela-foret.com\/wp-content\/uploads\/2025\/02\/Camping-de-La-foret-Camping-Jura-Camping-Nature-Reservation-camping10.jpg\" class=\"attachment-full size-full wp-image-4659\" alt=\"Camping de La fore\u0302t, Camping Jura, Camping Nature, Re\u0301servation camping\" srcset=\"https:\/\/camping-dela-foret.com\/wp-content\/uploads\/2025\/02\/Camping-de-La-foret-Camping-Jura-Camping-Nature-Reservation-camping10.jpg 2078w, https:\/\/camping-dela-foret.com\/wp-content\/uploads\/2025\/02\/Camping-de-La-foret-Camping-Jura-Camping-Nature-Reservation-camping10-300x225.jpg 300w, https:\/\/camping-dela-foret.com\/wp-content\/uploads\/2025\/02\/Camping-de-La-foret-Camping-Jura-Camping-Nature-Reservation-camping10-1024x768.jpg 1024w, https:\/\/camping-dela-foret.com\/wp-content\/uploads\/2025\/02\/Camping-de-La-foret-Camping-Jura-Camping-Nature-Reservation-camping10-768x576.jpg 768w, https:\/\/camping-dela-foret.com\/wp-content\/uploads\/2025\/02\/Camping-de-La-foret-Camping-Jura-Camping-Nature-Reservation-camping10-1536x1152.jpg 1536w, https:\/\/camping-dela-foret.com\/wp-content\/uploads\/2025\/02\/Camping-de-La-foret-Camping-Jura-Camping-Nature-Reservation-camping10-2048x1536.jpg 2048w\" sizes=\"(max-width: 2078px) 100vw, 2078px\" \/>\t\t\t\t\t\t\t\t\t\t\t\t\t\t\t<\/div>\n\t\t\t\t<\/div>\n\t\t\t\t\t<\/div>\n\t\t<\/div>\n\t\t\t\t<div class=\"elementor-column elementor-col-50 elementor-inner-column elementor-element elementor-element-ebbf985\" data-id=\"ebbf985\" data-element_type=\"column\" data-e-type=\"column\">\n\t\t\t<div class=\"elementor-widget-wrap\">\n\t\t\t\t\t\t\t<\/div>\n\t\t<\/div>\n\t\t\t\t\t<\/div>\n\t\t<\/section>\n\t\t\t\t\t<\/div>\n\t\t<\/div>\n\t\t\t\t\t<\/div>\n\t\t<\/section>\n\t\t\t\t<\/div>\n\t\t","protected":false},"excerpt":{"rendered":"<p>Werden Sie Eigent\u00fcmer Startseite Devenez propri\u00e9taire de votre r\u00e9sidence secondaire en Franche-Comt\u00e9 Eine flexible Investition f\u00fcr einen unbegrenzten Urlaub. Wir haben Pl\u00e4ne f\u00fcr die Zeit ab 2025. Haben Sie ein [&hellip;]<\/p>\n","protected":false},"author":4,"featured_media":0,"parent":0,"menu_order":0,"comment_status":"closed","ping_status":"closed","template":"","meta":{"om_disable_all_campaigns":false,"_monsterinsights_skip_tracking":false,"_monsterinsights_sitenote_active":false,"_monsterinsights_sitenote_note":"","_monsterinsights_sitenote_category":0,"footnotes":""},"class_list":["post-5117","page","type-page","status-publish","hentry"],"aioseo_notices":[],"_links":{"self":[{"href":"https:\/\/camping-dela-foret.com\/de\/wp-json\/wp\/v2\/pages\/5117","targetHints":{"allow":["GET"]}}],"collection":[{"href":"https:\/\/camping-dela-foret.com\/de\/wp-json\/wp\/v2\/pages"}],"about":[{"href":"https:\/\/camping-dela-foret.com\/de\/wp-json\/wp\/v2\/types\/page"}],"author":[{"embeddable":true,"href":"https:\/\/camping-dela-foret.com\/de\/wp-json\/wp\/v2\/users\/4"}],"replies":[{"embeddable":true,"href":"https:\/\/camping-dela-foret.com\/de\/wp-json\/wp\/v2\/comments?post=5117"}],"version-history":[{"count":2,"href":"https:\/\/camping-dela-foret.com\/de\/wp-json\/wp\/v2\/pages\/5117\/revisions"}],"predecessor-version":[{"id":5146,"href":"https:\/\/camping-dela-foret.com\/de\/wp-json\/wp\/v2\/pages\/5117\/revisions\/5146"}],"wp:attachment":[{"href":"https:\/\/camping-dela-foret.com\/de\/wp-json\/wp\/v2\/media?parent=5117"}],"curies":[{"name":"wp","href":"https:\/\/api.w.org\/{rel}","templated":true}]}}